{"id":10029,"date":"2024-03-01T12:41:23","date_gmt":"2024-03-01T10:41:25","guid":{"rendered":"https:\/\/kuokokitchen.com\/?post_type=product&#038;p=10029"},"modified":"2024-12-24T14:45:28","modified_gmt":"2024-12-24T12:45:28","slug":"dutch-ove-set-o20-o25cm","status":"publish","type":"product","link":"https:\/\/prova.kuokokitchen.com\/en\/packs-en\/dutch-ove-set-o20-o25cm\/","title":{"rendered":"Dutch Oven set (\u00d820, \u00d825cm)"},"content":{"rendered":"<div class=\"wpb-content-wrapper\"><p>2[vc_row][vc_column][vc_column_text woodmart_inline=&#8221;no&#8221; text_larger=&#8221;no&#8221;]Un set esencial dise\u00f1ado para satisfacer todas tus necesidades culinarias. Esta colecci\u00f3n cuidadosamente seleccionada cuenta con 2 cocottes de diferentes tama\u00f1os, meticulosamente elaboradas con cer\u00e1mica de alta calidad. No solo proporcionan una distribuci\u00f3n uniforme del calor y un rendimiento culinario excepcional, sino que su composici\u00f3n de cer\u00e1mica garantiza que sean no t\u00f3xicas y seguras para todas tus creaciones culinarias.<\/p>\n<p>El conjunto incluye una cocotte peque\u00f1a y una grande, ofreciendo versatilidad para diversas recetas y ocasiones de servicio. Ya sea para una comida \u00edntima, un fest\u00edn familiar o para recibir invitados, estas cocottes tienen todo lo que necesitas.<\/p>\n<p>Lo que distingue a estas cocotts no solo son sus elegantes y ergon\u00f3micos dise\u00f1os, sino tambi\u00e9n su compromiso con la salud y bienestar. Al estar hechas de cer\u00e1mica, son naturalmente no t\u00f3xicas, asegurando un entorno de cocci\u00f3n seguro. Adem\u00e1s, estas cocottes cuentan con una propiedad natural antiadherente, eliminando la necesidad de revestimientos. Esto las hace no solo seguras, sino tambi\u00e9n naturalmente antiadherentes, permitiendo un manejo f\u00e1cil de los alimentos y una limpieza sin complicaciones.<\/p>\n<p>A\u00f1ade elegancia, funcionalidad y seguridad a tu cocina con nuestro set de cocottes. Ya seas un entusiasta de la cocina o un chef experimentado, estas maravillas de cer\u00e1mica ser\u00e1n tus compa\u00f1eras confiables durante muchos a\u00f1os.<\/p>\n<p>Fabricado en Italia<\/p>\n<p>Material: Cer\u00e1mica de Gres apta para llama<\/p>\n<p>La materia prima de la cer\u00e1mica de gres apta para llama presenta una f\u00f3rmula especial y se cuece a alt\u00edsimas temperaturas. El resultado, es una cer\u00e1mica mucho m\u00e1s dura, resistente al choque t\u00e9rmico y duradera. Lo que la convierte en un material ideal para cocinar y usar en la cocina.<\/p>\n<p>M\u00e1s informaci\u00f3n sobre porqu\u00e9 nos encanta este material aqu\u00ed.<\/p>\n<p>En KUOKO intentamos cuidar al m\u00e1ximo del medio ambiente. El producto te llegar\u00e1 envasado sin nada de pl\u00e1stico en una caja de cart\u00f3n reciclado y con chips de embalaje 100% reciclable, biodegradables y compostables que se deshacen en agua . \u00a1Ay\u00fadanos a mantener esta cadena y aseg\u00farate de reciclar para darle otra vida a todo nuestro packaging!<\/p>\n<p>Los utensilios de cer\u00e1mica, siempre que est\u00e9n bien cuidados, son para toda la vida pero, si quieres deshacerte de ellos, ll\u00e9valos a tu punto verde m\u00e1s cercano.[\/vc_column_text][\/vc_column][\/vc_row][vc_row][vc_column][vc_row_inner content_placement=&#8221;top&#8221; gap=&#8221;10&#8243; row_reverse_mobile=&#8221;0&#8243; row_reverse_tablet=&#8221;0&#8243;][vc_column_inner width=&#8221;1\/4&#8243; woodmart_text_align=&#8221;center&#8221;]\t\t\t<div class=\"info-box-wrapper\">\n\t\t\t\t<div id=\"wd-632af9ca43d2b\" class=\" wd-rs-632af9ca43d2b wd-info-box wd-wpb text-center box-icon-align-top box-style- color-scheme- wd-bg-none \">\n\t\t\t\t\t\t\t\t\t\t\t<div class=\"box-icon-wrapper  box-with-icon box-icon-simple\">\n\t\t\t\t\t\t\t<div class=\"info-box-icon\">\n\n\t\t\t\t\t\t\t\n\t\t\t\t\t\t\t\t\t\t\t\t\t\t\t\t\t<img loading=\"lazy\" decoding=\"async\" width=\"75\" height=\"75\" src=\"https:\/\/prova.kuokokitchen.com\/wp-content\/uploads\/pictos_apto_microondas_gris-75x75.png\" class=\"attachment-75x75 size-75x75\" alt=\"\" \/>\t\t\t\t\t\t\t\t\t\t\t\t\t\t\t\n\t\t\t\t\t\t\t<\/div>\n\t\t\t\t\t\t<\/div>\n\t\t\t\t\t\t\t\t\t\t<div class=\"info-box-content\">\n\t\t\t\t\t\t\t\t\t\t\t\t<div class=\"info-box-inner set-cont-mb-s reset-last-child\"><p>Microwave safe<\/p>\n<\/div>\n\n\t\t\t\t\t\t\t\t\t\t\t<\/div>\n\n\t\t\t\t\t\n\t\t\t\t\t\t\t\t\t<\/div>\n\t\t\t<\/div>\n\t\t[\/vc_column_inner][vc_column_inner width=&#8221;1\/4&#8243; woodmart_text_align=&#8221;right&#8221;]\t\t\t<div class=\"info-box-wrapper\">\n\t\t\t\t<div id=\"wd-632ac2319b511\" class=\" wd-rs-632ac2319b511 wd-info-box wd-wpb text-center box-icon-align-top box-style- color-scheme- wd-bg-none \">\n\t\t\t\t\t\t\t\t\t\t\t<div class=\"box-icon-wrapper  box-with-icon box-icon-simple\">\n\t\t\t\t\t\t\t<div class=\"info-box-icon\">\n\n\t\t\t\t\t\t\t\n\t\t\t\t\t\t\t\t\t\t\t\t\t\t\t\t\t<img loading=\"lazy\" decoding=\"async\" width=\"75\" height=\"75\" src=\"https:\/\/prova.kuokokitchen.com\/wp-content\/uploads\/pictos_apto_lavavajillas_gris-75x75.png\" class=\"attachment-75x75 size-75x75\" alt=\"\" \/>\t\t\t\t\t\t\t\t\t\t\t\t\t\t\t\n\t\t\t\t\t\t\t<\/div>\n\t\t\t\t\t\t<\/div>\n\t\t\t\t\t\t\t\t\t\t<div class=\"info-box-content\">\n\t\t\t\t\t\t\t\t\t\t\t\t<div class=\"info-box-inner set-cont-mb-s reset-last-child\"><p>Dishwasher safe<\/p>\n<\/div>\n\n\t\t\t\t\t\t\t\t\t\t\t<\/div>\n\n\t\t\t\t\t\n\t\t\t\t\t\t\t\t\t<\/div>\n\t\t\t<\/div>\n\t\t[\/vc_column_inner][vc_column_inner width=&#8221;1\/4&#8243; woodmart_text_align=&#8221;center&#8221;]\t\t\t<div class=\"info-box-wrapper\">\n\t\t\t\t<div id=\"wd-632af2c1cb09e\" class=\" wd-rs-632af2c1cb09e wd-info-box wd-wpb text-center box-icon-align-top box-style- color-scheme- wd-bg-none \">\n\t\t\t\t\t\t\t\t\t\t\t<div class=\"box-icon-wrapper  box-with-icon box-icon-simple\">\n\t\t\t\t\t\t\t<div class=\"info-box-icon\">\n\n\t\t\t\t\t\t\t\n\t\t\t\t\t\t\t\t\t\t\t\t\t\t\t\t\t<img loading=\"lazy\" decoding=\"async\" width=\"75\" height=\"75\" src=\"https:\/\/prova.kuokokitchen.com\/wp-content\/uploads\/pictos_apto_horno_gris-75x75.png\" class=\"attachment-75x75 size-75x75\" alt=\"\" \/>\t\t\t\t\t\t\t\t\t\t\t\t\t\t\t\n\t\t\t\t\t\t\t<\/div>\n\t\t\t\t\t\t<\/div>\n\t\t\t\t\t\t\t\t\t\t<div class=\"info-box-content\">\n\t\t\t\t\t\t\t\t\t\t\t\t<div class=\"info-box-inner set-cont-mb-s reset-last-child\"><p>Oven safe<\/p>\n<\/div>\n\n\t\t\t\t\t\t\t\t\t\t\t<\/div>\n\n\t\t\t\t\t\n\t\t\t\t\t\t\t\t\t<\/div>\n\t\t\t<\/div>\n\t\t[\/vc_column_inner][vc_column_inner width=&#8221;1\/4&#8243; woodmart_text_align=&#8221;center&#8221;]\t\t\t<div class=\"info-box-wrapper\">\n\t\t\t\t<div id=\"wd-632afe5c6fddf\" class=\" wd-rs-632afe5c6fddf wd-info-box wd-wpb text-center box-icon-align-top box-style- color-scheme- wd-bg-none \">\n\t\t\t\t\t\t\t\t\t\t\t<div class=\"box-icon-wrapper  box-with-icon box-icon-simple\">\n\t\t\t\t\t\t\t<div class=\"info-box-icon\">\n\n\t\t\t\t\t\t\t\n\t\t\t\t\t\t\t\t\t\t\t\t\t\t\t\t\t<img loading=\"lazy\" decoding=\"async\" width=\"75\" height=\"75\" src=\"https:\/\/prova.kuokokitchen.com\/wp-content\/uploads\/pictos_apto_cocina_gas_gris-75x75.png\" class=\"attachment-75x75 size-75x75\" alt=\"\" \/>\t\t\t\t\t\t\t\t\t\t\t\t\t\t\t\n\t\t\t\t\t\t\t<\/div>\n\t\t\t\t\t\t<\/div>\n\t\t\t\t\t\t\t\t\t\t<div class=\"info-box-content\">\n\t\t\t\t\t\t\t\t\t\t\t\t<div class=\"info-box-inner set-cont-mb-s reset-last-child\"><p>Fit for fire and fire stove<\/p>\n<\/div>\n\n\t\t\t\t\t\t\t\t\t\t\t<\/div>\n\n\t\t\t\t\t\n\t\t\t\t\t\t\t\t\t<\/div>\n\t\t\t<\/div>\n\t\t[\/vc_column_inner][\/vc_row_inner][\/vc_column][\/vc_row][vc_row][vc_column][vc_row_inner content_placement=&#8221;top&#8221; gap=&#8221;10&#8243; row_reverse_mobile=&#8221;0&#8243; row_reverse_tablet=&#8221;0&#8243;][vc_column_inner width=&#8221;1\/4&#8243; woodmart_text_align=&#8221;center&#8221;]\t\t\t<div class=\"info-box-wrapper\">\n\t\t\t\t<div id=\"wd-632afcf34b7af\" class=\" wd-rs-632afcf34b7af wd-info-box wd-wpb text-center box-icon-align-top box-style- color-scheme- wd-bg-none \">\n\t\t\t\t\t\t\t\t\t\t\t<div class=\"box-icon-wrapper  box-with-icon box-icon-simple\">\n\t\t\t\t\t\t\t<div class=\"info-box-icon\">\n\n\t\t\t\t\t\t\t\n\t\t\t\t\t\t\t\t\t\t\t\t\t\t\t\t\t<img loading=\"lazy\" decoding=\"async\" width=\"75\" height=\"75\" src=\"https:\/\/prova.kuokokitchen.com\/wp-content\/uploads\/pictos_apto_cocina_vitro_gris-75x75.png\" class=\"attachment-75x75 size-75x75\" alt=\"\" \/>\t\t\t\t\t\t\t\t\t\t\t\t\t\t\t\n\t\t\t\t\t\t\t<\/div>\n\t\t\t\t\t\t<\/div>\n\t\t\t\t\t\t\t\t\t\t<div class=\"info-box-content\">\n\t\t\t\t\t\t\t\t\t\t\t\t<div class=\"info-box-inner set-cont-mb-s reset-last-child\"><p>Fit for glass stove tops<\/p>\n<\/div>\n\n\t\t\t\t\t\t\t\t\t\t\t<\/div>\n\n\t\t\t\t\t\n\t\t\t\t\t\t\t\t\t<\/div>\n\t\t\t<\/div>\n\t\t[\/vc_column_inner][vc_column_inner width=&#8221;1\/4&#8243; woodmart_text_align=&#8221;right&#8221;]\t\t\t<div class=\"info-box-wrapper\">\n\t\t\t\t<div id=\"wd-632afcc6c3e35\" class=\" wd-rs-632afcc6c3e35 wd-info-box wd-wpb text-center box-icon-align-top box-style- color-scheme- wd-bg-none \">\n\t\t\t\t\t\t\t\t\t\t\t<div class=\"box-icon-wrapper  box-with-icon box-icon-simple\">\n\t\t\t\t\t\t\t<div class=\"info-box-icon\">\n\n\t\t\t\t\t\t\t\n\t\t\t\t\t\t\t\t\t\t\t\t\t\t\t\t\t<img loading=\"lazy\" decoding=\"async\" width=\"75\" height=\"75\" src=\"https:\/\/prova.kuokokitchen.com\/wp-content\/uploads\/pictos_apto_cocina_induccion_gris-75x75.png\" class=\"attachment-75x75 size-75x75\" alt=\"\" \/>\t\t\t\t\t\t\t\t\t\t\t\t\t\t\t\n\t\t\t\t\t\t\t<\/div>\n\t\t\t\t\t\t<\/div>\n\t\t\t\t\t\t\t\t\t\t<div class=\"info-box-content\">\n\t\t\t\t\t\t\t\t\t\t\t\t<div class=\"info-box-inner set-cont-mb-s reset-last-child\"><p>Fit for induction stove<\/p>\n<\/div>\n\n\t\t\t\t\t\t\t\t\t\t\t<\/div>\n\n\t\t\t\t\t\n\t\t\t\t\t\t\t\t\t<\/div>\n\t\t\t<\/div>\n\t\t[\/vc_column_inner][vc_column_inner width=&#8221;1\/4&#8243; woodmart_text_align=&#8221;center&#8221;]\t\t\t<div class=\"info-box-wrapper\">\n\t\t\t\t<div id=\"wd-632afe7920168\" class=\" wd-rs-632afe7920168 wd-info-box wd-wpb text-center box-icon-align-top box-style- color-scheme- wd-bg-none \">\n\t\t\t\t\t\t\t\t\t\t\t<div class=\"box-icon-wrapper  box-with-icon box-icon-simple\">\n\t\t\t\t\t\t\t<div class=\"info-box-icon\">\n\n\t\t\t\t\t\t\t\n\t\t\t\t\t\t\t\t\t\t\t\t\t\t\t\t\t<img loading=\"lazy\" decoding=\"async\" width=\"75\" height=\"75\" src=\"https:\/\/prova.kuokokitchen.com\/wp-content\/uploads\/pictos_apto_barbacoa_fuego_gris-75x75.png\" class=\"attachment-75x75 size-75x75\" alt=\"\" \/>\t\t\t\t\t\t\t\t\t\t\t\t\t\t\t\n\t\t\t\t\t\t\t<\/div>\n\t\t\t\t\t\t<\/div>\n\t\t\t\t\t\t\t\t\t\t<div class=\"info-box-content\">\n\t\t\t\t\t\t\t\t\t\t\t\t<div class=\"info-box-inner set-cont-mb-s reset-last-child\"><p>BBQ friendly<\/p>\n<\/div>\n\n\t\t\t\t\t\t\t\t\t\t\t<\/div>\n\n\t\t\t\t\t\n\t\t\t\t\t\t\t\t\t<\/div>\n\t\t\t<\/div>\n\t\t[\/vc_column_inner][vc_column_inner width=&#8221;1\/4&#8243; woodmart_text_align=&#8221;center&#8221;]\t\t\t<div class=\"info-box-wrapper\">\n\t\t\t\t<div id=\"wd-632af33052c49\" class=\" wd-rs-632af33052c49 wd-info-box wd-wpb text-center box-icon-align-top box-style- color-scheme- wd-bg-none \">\n\t\t\t\t\t\t\t\t\t\t\t<div class=\"box-icon-wrapper  box-with-icon box-icon-simple\">\n\t\t\t\t\t\t\t<div class=\"info-box-icon\">\n\n\t\t\t\t\t\t\t\n\t\t\t\t\t\t\t\t\t\t\t\t\t\t\t\t\t<img loading=\"lazy\" decoding=\"async\" width=\"75\" height=\"75\" src=\"https:\/\/prova.kuokokitchen.com\/wp-content\/uploads\/pictos_apto_nevera_gris-75x75.png\" class=\"attachment-75x75 size-75x75\" alt=\"\" \/>\t\t\t\t\t\t\t\t\t\t\t\t\t\t\t\n\t\t\t\t\t\t\t<\/div>\n\t\t\t\t\t\t<\/div>\n\t\t\t\t\t\t\t\t\t\t<div class=\"info-box-content\">\n\t\t\t\t\t\t\t\t\t\t\t\t<div class=\"info-box-inner set-cont-mb-s reset-last-child\"><p>Fridge safe<\/p>\n<\/div>\n\n\t\t\t\t\t\t\t\t\t\t\t<\/div>\n\n\t\t\t\t\t\n\t\t\t\t\t\t\t\t\t<\/div>\n\t\t\t<\/div>\n\t\t[\/vc_column_inner][\/vc_row_inner][\/vc_column][\/vc_row]<\/p>\n<\/div>","protected":false},"excerpt":{"rendered":"<p>Includes 2 Dutch Ovens of different sizes (\u00d820, \u00d825cm) to cook different quantities and in different occasions! <\/p>\n","protected":false},"featured_media":8856,"template":"","meta":{"_themeisle_gutenberg_block_has_review":false},"product_cat":[889,563,564,898],"product_tag":[597],"yoast_head":"<!-- This site is optimized with the Yoast SEO plugin v21.5 - https:\/\/yoast.com\/wordpress\/plugins\/seo\/ -->\n<title>Buy Dutch Oven set (\u00d820, \u00d825cm) | Kuoko Kitchen Things<\/title>\n<meta name=\"description\" content=\"Buy a set of 2 quality, toxic-free cocottes. At Kuoko we are experts in manufacturing healthy and durable utensils. Come in!\" \/>\n<meta name=\"robots\" content=\"noindex, follow, max-snippet:-1, max-image-preview:large, max-video-preview:-1\" \/>\n<meta property=\"og:locale\" content=\"en_US\" \/>\n<meta property=\"og:type\" content=\"article\" \/>\n<meta property=\"og:title\" content=\"Buy Dutch Oven set (\u00d820, \u00d825cm) | Kuoko Kitchen Things\" \/>\n<meta property=\"og:description\" content=\"Buy a set of 2 quality, toxic-free cocottes. At Kuoko we are experts in manufacturing healthy and durable utensils. Come in!\" \/>\n<meta property=\"og:url\" content=\"https:\/\/prova.kuokokitchen.com\/en\/packs-en\/dutch-ove-set-o20-o25cm\/\" \/>\n<meta property=\"og:site_name\" content=\"Kuoko Kitchen Things\" \/>\n<meta property=\"article:modified_time\" content=\"2024-12-24T12:45:28+00:00\" \/>\n<meta property=\"og:image\" content=\"https:\/\/prova.kuokokitchen.com\/wp-content\/uploads\/dutch-oven-yellow-ceramic-toxic-free.webp\" \/>\n\t<meta property=\"og:image:width\" content=\"1000\" \/>\n\t<meta property=\"og:image:height\" content=\"806\" \/>\n\t<meta property=\"og:image:type\" content=\"image\/webp\" \/>\n<meta name=\"twitter:card\" content=\"summary_large_image\" \/>\n<meta name=\"twitter:label1\" content=\"Est. reading time\" \/>\n\t<meta name=\"twitter:data1\" content=\"2 minutes\" \/>\n<script type=\"application\/ld+json\" class=\"yoast-schema-graph\">{\"@context\":\"https:\/\/schema.org\",\"@graph\":[{\"@type\":\"WebPage\",\"@id\":\"https:\/\/prova.kuokokitchen.com\/en\/packs-en\/dutch-ove-set-o20-o25cm\/\",\"url\":\"https:\/\/prova.kuokokitchen.com\/en\/packs-en\/dutch-ove-set-o20-o25cm\/\",\"name\":\"Buy Dutch Oven set (\u00d820, \u00d825cm) | Kuoko Kitchen Things\",\"isPartOf\":{\"@id\":\"https:\/\/prova.kuokokitchen.com\/en\/#website\"},\"datePublished\":\"2024-03-01T10:41:25+00:00\",\"dateModified\":\"2024-12-24T12:45:28+00:00\",\"description\":\"Buy a set of 2 quality, toxic-free cocottes. At Kuoko we are experts in manufacturing healthy and durable utensils. Come in!\",\"breadcrumb\":{\"@id\":\"https:\/\/prova.kuokokitchen.com\/en\/packs-en\/dutch-ove-set-o20-o25cm\/#breadcrumb\"},\"inLanguage\":\"en-US\",\"potentialAction\":[{\"@type\":\"ReadAction\",\"target\":[\"https:\/\/prova.kuokokitchen.com\/en\/packs-en\/dutch-ove-set-o20-o25cm\/\"]}]},{\"@type\":\"BreadcrumbList\",\"@id\":\"https:\/\/prova.kuokokitchen.com\/en\/packs-en\/dutch-ove-set-o20-o25cm\/#breadcrumb\",\"itemListElement\":[{\"@type\":\"ListItem\",\"position\":1,\"name\":\"Home\",\"item\":\"https:\/\/prova.kuokokitchen.com\/en\/home-decor\/\"},{\"@type\":\"ListItem\",\"position\":2,\"name\":\"Shop\",\"item\":\"https:\/\/prova.kuokokitchen.com\/en\/shop\/\"},{\"@type\":\"ListItem\",\"position\":3,\"name\":\"Dutch Oven set (\u00d820, \u00d825cm)\"}]},{\"@type\":\"WebSite\",\"@id\":\"https:\/\/prova.kuokokitchen.com\/en\/#website\",\"url\":\"https:\/\/prova.kuokokitchen.com\/en\/\",\"name\":\"Kuoko Kitchen Things\",\"description\":\"Utensilios de cocina libre de t\u00f3xicos\",\"potentialAction\":[{\"@type\":\"SearchAction\",\"target\":{\"@type\":\"EntryPoint\",\"urlTemplate\":\"https:\/\/prova.kuokokitchen.com\/en\/?s={search_term_string}\"},\"query-input\":\"required name=search_term_string\"}],\"inLanguage\":\"en-US\"}]}<\/script>\n<!-- \/ Yoast SEO plugin. -->","yoast_head_json":{"title":"Buy Dutch Oven set (\u00d820, \u00d825cm) | Kuoko Kitchen Things","description":"Buy a set of 2 quality, toxic-free cocottes. At Kuoko we are experts in manufacturing healthy and durable utensils. Come in!","robots":{"index":"noindex","follow":"follow","max-snippet":"max-snippet:-1","max-image-preview":"max-image-preview:large","max-video-preview":"max-video-preview:-1"},"og_locale":"en_US","og_type":"article","og_title":"Buy Dutch Oven set (\u00d820, \u00d825cm) | Kuoko Kitchen Things","og_description":"Buy a set of 2 quality, toxic-free cocottes. At Kuoko we are experts in manufacturing healthy and durable utensils. Come in!","og_url":"https:\/\/prova.kuokokitchen.com\/en\/packs-en\/dutch-ove-set-o20-o25cm\/","og_site_name":"Kuoko Kitchen Things","article_modified_time":"2024-12-24T12:45:28+00:00","og_image":[{"width":1000,"height":806,"url":"https:\/\/prova.kuokokitchen.com\/wp-content\/uploads\/dutch-oven-yellow-ceramic-toxic-free.webp","type":"image\/webp"}],"twitter_card":"summary_large_image","twitter_misc":{"Est. reading time":"2 minutes"},"schema":{"@context":"https:\/\/schema.org","@graph":[{"@type":"WebPage","@id":"https:\/\/prova.kuokokitchen.com\/en\/packs-en\/dutch-ove-set-o20-o25cm\/","url":"https:\/\/prova.kuokokitchen.com\/en\/packs-en\/dutch-ove-set-o20-o25cm\/","name":"Buy Dutch Oven set (\u00d820, \u00d825cm) | Kuoko Kitchen Things","isPartOf":{"@id":"https:\/\/prova.kuokokitchen.com\/en\/#website"},"datePublished":"2024-03-01T10:41:25+00:00","dateModified":"2024-12-24T12:45:28+00:00","description":"Buy a set of 2 quality, toxic-free cocottes. At Kuoko we are experts in manufacturing healthy and durable utensils. Come in!","breadcrumb":{"@id":"https:\/\/prova.kuokokitchen.com\/en\/packs-en\/dutch-ove-set-o20-o25cm\/#breadcrumb"},"inLanguage":"en-US","potentialAction":[{"@type":"ReadAction","target":["https:\/\/prova.kuokokitchen.com\/en\/packs-en\/dutch-ove-set-o20-o25cm\/"]}]},{"@type":"BreadcrumbList","@id":"https:\/\/prova.kuokokitchen.com\/en\/packs-en\/dutch-ove-set-o20-o25cm\/#breadcrumb","itemListElement":[{"@type":"ListItem","position":1,"name":"Home","item":"https:\/\/prova.kuokokitchen.com\/en\/home-decor\/"},{"@type":"ListItem","position":2,"name":"Shop","item":"https:\/\/prova.kuokokitchen.com\/en\/shop\/"},{"@type":"ListItem","position":3,"name":"Dutch Oven set (\u00d820, \u00d825cm)"}]},{"@type":"WebSite","@id":"https:\/\/prova.kuokokitchen.com\/en\/#website","url":"https:\/\/prova.kuokokitchen.com\/en\/","name":"Kuoko Kitchen Things","description":"Utensilios de cocina libre de t\u00f3xicos","potentialAction":[{"@type":"SearchAction","target":{"@type":"EntryPoint","urlTemplate":"https:\/\/prova.kuokokitchen.com\/en\/?s={search_term_string}"},"query-input":"required name=search_term_string"}],"inLanguage":"en-US"}]}},"_links":{"self":[{"href":"https:\/\/prova.kuokokitchen.com\/en\/wp-json\/wp\/v2\/product\/10029"}],"collection":[{"href":"https:\/\/prova.kuokokitchen.com\/en\/wp-json\/wp\/v2\/product"}],"about":[{"href":"https:\/\/prova.kuokokitchen.com\/en\/wp-json\/wp\/v2\/types\/product"}],"wp:featuredmedia":[{"embeddable":true,"href":"https:\/\/prova.kuokokitchen.com\/en\/wp-json\/wp\/v2\/media\/8856"}],"wp:attachment":[{"href":"https:\/\/prova.kuokokitchen.com\/en\/wp-json\/wp\/v2\/media?parent=10029"}],"wp:term":[{"taxonomy":"product_cat","embeddable":true,"href":"https:\/\/prova.kuokokitchen.com\/en\/wp-json\/wp\/v2\/product_cat?post=10029"},{"taxonomy":"product_tag","embeddable":true,"href":"https:\/\/prova.kuokokitchen.com\/en\/wp-json\/wp\/v2\/product_tag?post=10029"}],"curies":[{"name":"wp","href":"https:\/\/api.w.org\/{rel}","templated":true}]}}