{"id":7884,"date":"2022-08-16T13:48:59","date_gmt":"2022-11-15T11:56:50","guid":{"rendered":"https:\/\/kuokokitchen.com\/uncategorized\/cake-pan-blue-o28cm\/"},"modified":"2024-07-25T08:58:38","modified_gmt":"2024-07-25T06:58:38","slug":"cake-pan-blue-o28cm","status":"publish","type":"product","link":"https:\/\/prova.kuokokitchen.com\/en\/kitchen-products\/cake-pan-blue-o28cm\/","title":{"rendered":"Cake pan blue \u00d828cm"},"content":{"rendered":"<div class=\"wpb-content-wrapper\"><p>[vc_row][vc_column][vc_column_text woodmart_inline=&#8221;no&#8221; text_larger=&#8221;no&#8221;]Made in Italy<\/p>\n<p>Material: Gres ceramic.<\/p>\n<p>Ceramic is great at heat retention so, whether you are making a cake, quiche, or just using it as a tray, this cake pan is the perfect complement for your kitchen. Use it to cook and then on the table to serve.<\/p>\n<p>At KUOKO we try to take care of the environment. The product will arrive packaged without any plastic in a recycled cardboard box and with 100% recyclable, biodegradable and compostable packaging chips that dissolve in water. Don&#8217;t stop this rhythm, and be sure to recycle to give all our packaging another life.<\/p>\n<p>These utensils, as long as they are well cared for, will last a lifetime but, if you want to get rid of them, take them to your nearest green point![\/vc_column_text][\/vc_column][\/vc_row][vc_row][vc_column][vc_column_text]<\/p>\n<p>[\/vc_column_text][\/vc_column][\/vc_row][vc_row][vc_column][vc_row_inner content_placement=&#8221;top&#8221; gap=&#8221;10&#8243; row_reverse_mobile=&#8221;0&#8243; row_reverse_tablet=&#8221;0&#8243;][vc_column_inner width=&#8221;1\/4&#8243; woodmart_text_align=&#8221;center&#8221;]\t\t\t<div class=\"info-box-wrapper\">\n\t\t\t\t<div id=\"wd-632af9ca43d2b\" class=\" wd-rs-632af9ca43d2b wd-info-box wd-wpb text-center box-icon-align-top box-style- color-scheme- wd-bg-none \">\n\t\t\t\t\t\t\t\t\t\t\t<div class=\"box-icon-wrapper  box-with-icon box-icon-simple\">\n\t\t\t\t\t\t\t<div class=\"info-box-icon\">\n\n\t\t\t\t\t\t\t\n\t\t\t\t\t\t\t\t\t\t\t\t\t\t\t\t\t<img loading=\"lazy\" decoding=\"async\" width=\"75\" height=\"75\" src=\"https:\/\/prova.kuokokitchen.com\/wp-content\/uploads\/pictos_apto_microondas_gris-75x75.png\" class=\"attachment-75x75 size-75x75\" alt=\"\" \/>\t\t\t\t\t\t\t\t\t\t\t\t\t\t\t\n\t\t\t\t\t\t\t<\/div>\n\t\t\t\t\t\t<\/div>\n\t\t\t\t\t\t\t\t\t\t<div class=\"info-box-content\">\n\t\t\t\t\t\t\t\t\t\t\t\t<div class=\"info-box-inner set-cont-mb-s reset-last-child\"><p>Microwave safe<\/p>\n<\/div>\n\n\t\t\t\t\t\t\t\t\t\t\t<\/div>\n\n\t\t\t\t\t\n\t\t\t\t\t\t\t\t\t<\/div>\n\t\t\t<\/div>\n\t\t[\/vc_column_inner][vc_column_inner width=&#8221;1\/4&#8243; woodmart_text_align=&#8221;right&#8221;]\t\t\t<div class=\"info-box-wrapper\">\n\t\t\t\t<div id=\"wd-632ac2319b511\" class=\" wd-rs-632ac2319b511 wd-info-box wd-wpb text-center box-icon-align-top box-style- color-scheme- wd-bg-none \">\n\t\t\t\t\t\t\t\t\t\t\t<div class=\"box-icon-wrapper  box-with-icon box-icon-simple\">\n\t\t\t\t\t\t\t<div class=\"info-box-icon\">\n\n\t\t\t\t\t\t\t\n\t\t\t\t\t\t\t\t\t\t\t\t\t\t\t\t\t<img loading=\"lazy\" decoding=\"async\" width=\"75\" height=\"75\" src=\"https:\/\/prova.kuokokitchen.com\/wp-content\/uploads\/pictos_apto_lavavajillas_gris-75x75.png\" class=\"attachment-75x75 size-75x75\" alt=\"\" \/>\t\t\t\t\t\t\t\t\t\t\t\t\t\t\t\n\t\t\t\t\t\t\t<\/div>\n\t\t\t\t\t\t<\/div>\n\t\t\t\t\t\t\t\t\t\t<div class=\"info-box-content\">\n\t\t\t\t\t\t\t\t\t\t\t\t<div class=\"info-box-inner set-cont-mb-s reset-last-child\"><p>Dishwasher safe<\/p>\n<\/div>\n\n\t\t\t\t\t\t\t\t\t\t\t<\/div>\n\n\t\t\t\t\t\n\t\t\t\t\t\t\t\t\t<\/div>\n\t\t\t<\/div>\n\t\t[\/vc_column_inner][vc_column_inner width=&#8221;1\/4&#8243; woodmart_text_align=&#8221;center&#8221;]\t\t\t<div class=\"info-box-wrapper\">\n\t\t\t\t<div id=\"wd-632af2c1cb09e\" class=\" wd-rs-632af2c1cb09e wd-info-box wd-wpb text-center box-icon-align-top box-style- color-scheme- wd-bg-none \">\n\t\t\t\t\t\t\t\t\t\t\t<div class=\"box-icon-wrapper  box-with-icon box-icon-simple\">\n\t\t\t\t\t\t\t<div class=\"info-box-icon\">\n\n\t\t\t\t\t\t\t\n\t\t\t\t\t\t\t\t\t\t\t\t\t\t\t\t\t<img loading=\"lazy\" decoding=\"async\" width=\"75\" height=\"75\" src=\"https:\/\/prova.kuokokitchen.com\/wp-content\/uploads\/pictos_apto_horno_gris-75x75.png\" class=\"attachment-75x75 size-75x75\" alt=\"\" \/>\t\t\t\t\t\t\t\t\t\t\t\t\t\t\t\n\t\t\t\t\t\t\t<\/div>\n\t\t\t\t\t\t<\/div>\n\t\t\t\t\t\t\t\t\t\t<div class=\"info-box-content\">\n\t\t\t\t\t\t\t\t\t\t\t\t<div class=\"info-box-inner set-cont-mb-s reset-last-child\"><p>Oven safe<\/p>\n<\/div>\n\n\t\t\t\t\t\t\t\t\t\t\t<\/div>\n\n\t\t\t\t\t\n\t\t\t\t\t\t\t\t\t<\/div>\n\t\t\t<\/div>\n\t\t[\/vc_column_inner][vc_column_inner width=&#8221;1\/4&#8243; woodmart_text_align=&#8221;center&#8221;]\t\t\t<div class=\"info-box-wrapper\">\n\t\t\t\t<div id=\"wd-632af33052c49\" class=\" wd-rs-632af33052c49 wd-info-box wd-wpb text-center box-icon-align-top box-style- color-scheme- wd-bg-none \">\n\t\t\t\t\t\t\t\t\t\t\t<div class=\"box-icon-wrapper  box-with-icon box-icon-simple\">\n\t\t\t\t\t\t\t<div class=\"info-box-icon\">\n\n\t\t\t\t\t\t\t\n\t\t\t\t\t\t\t\t\t\t\t\t\t\t\t\t\t<img loading=\"lazy\" decoding=\"async\" width=\"75\" height=\"75\" src=\"https:\/\/prova.kuokokitchen.com\/wp-content\/uploads\/pictos_apto_nevera_gris-75x75.png\" class=\"attachment-75x75 size-75x75\" alt=\"\" \/>\t\t\t\t\t\t\t\t\t\t\t\t\t\t\t\n\t\t\t\t\t\t\t<\/div>\n\t\t\t\t\t\t<\/div>\n\t\t\t\t\t\t\t\t\t\t<div class=\"info-box-content\">\n\t\t\t\t\t\t\t\t\t\t\t\t<div class=\"info-box-inner set-cont-mb-s reset-last-child\"><p>Fridge safe<\/p>\n<\/div>\n\n\t\t\t\t\t\t\t\t\t\t\t<\/div>\n\n\t\t\t\t\t\n\t\t\t\t\t\t\t\t\t<\/div>\n\t\t\t<\/div>\n\t\t[\/vc_column_inner][\/vc_row_inner][\/vc_column][\/vc_row]<\/p>\n<\/div>","protected":false},"excerpt":{"rendered":"<p>With the Kuoko ceramic cake and quiche mold you can prepare all kinds of cakes, whether sweet or savory. Always toxic-free and 100% healthy!<\/p>\n","protected":false},"featured_media":8475,"template":"","meta":{"_themeisle_gutenberg_block_has_review":false},"product_cat":[563,898,567,568],"product_tag":[],"yoast_head":"<!-- This site is optimized with the Yoast SEO plugin v21.5 - https:\/\/yoast.com\/wordpress\/plugins\/seo\/ -->\n<title>Buy Cake pan blue \u00d828cm | Kuoko Kitchen Things<\/title>\n<meta name=\"description\" content=\"Looking for a ceramic Cake pan blue \u00d828cm? Visit our KUOKO store and find high quality, toxic-free utensils! Buy Cake pan blue \u00d828cm now!\" \/>\n<meta name=\"robots\" content=\"noindex, follow, max-snippet:-1, max-image-preview:large, max-video-preview:-1\" \/>\n<meta property=\"og:locale\" content=\"en_US\" \/>\n<meta property=\"og:type\" content=\"article\" \/>\n<meta property=\"og:title\" content=\"Buy Cake pan blue \u00d828cm | Kuoko Kitchen Things\" \/>\n<meta property=\"og:description\" content=\"Looking for a ceramic Cake pan blue \u00d828cm? Visit our KUOKO store and find high quality, toxic-free utensils! Buy Cake pan blue \u00d828cm now!\" \/>\n<meta property=\"og:url\" content=\"https:\/\/prova.kuokokitchen.com\/en\/kitchen-products\/cake-pan-blue-o28cm\/\" \/>\n<meta property=\"og:site_name\" content=\"Kuoko Kitchen Things\" \/>\n<meta property=\"article:modified_time\" content=\"2024-07-25T06:58:38+00:00\" \/>\n<meta property=\"og:image\" content=\"https:\/\/prova.kuokokitchen.com\/wp-content\/uploads\/kuoko-cake-pan-tartera-ceramica.webp\" \/>\n\t<meta property=\"og:image:width\" content=\"813\" \/>\n\t<meta property=\"og:image:height\" content=\"768\" \/>\n\t<meta property=\"og:image:type\" content=\"image\/webp\" \/>\n<meta name=\"twitter:card\" content=\"summary_large_image\" \/>\n<meta name=\"twitter:label1\" content=\"Est. reading time\" \/>\n\t<meta name=\"twitter:data1\" content=\"1 minute\" \/>\n<script type=\"application\/ld+json\" class=\"yoast-schema-graph\">{\"@context\":\"https:\/\/schema.org\",\"@graph\":[{\"@type\":\"WebPage\",\"@id\":\"https:\/\/prova.kuokokitchen.com\/en\/kitchen-products\/cake-pan-blue-o28cm\/\",\"url\":\"https:\/\/prova.kuokokitchen.com\/en\/kitchen-products\/cake-pan-blue-o28cm\/\",\"name\":\"Buy Cake pan blue \u00d828cm | Kuoko Kitchen Things\",\"isPartOf\":{\"@id\":\"https:\/\/prova.kuokokitchen.com\/en\/#website\"},\"datePublished\":\"2022-11-15T11:56:50+00:00\",\"dateModified\":\"2024-07-25T06:58:38+00:00\",\"description\":\"Looking for a ceramic Cake pan blue \u00d828cm? Visit our KUOKO store and find high quality, toxic-free utensils! Buy Cake pan blue \u00d828cm now!\",\"breadcrumb\":{\"@id\":\"https:\/\/prova.kuokokitchen.com\/en\/kitchen-products\/cake-pan-blue-o28cm\/#breadcrumb\"},\"inLanguage\":\"en-US\",\"potentialAction\":[{\"@type\":\"ReadAction\",\"target\":[\"https:\/\/prova.kuokokitchen.com\/en\/kitchen-products\/cake-pan-blue-o28cm\/\"]}]},{\"@type\":\"BreadcrumbList\",\"@id\":\"https:\/\/prova.kuokokitchen.com\/en\/kitchen-products\/cake-pan-blue-o28cm\/#breadcrumb\",\"itemListElement\":[{\"@type\":\"ListItem\",\"position\":1,\"name\":\"Home\",\"item\":\"https:\/\/prova.kuokokitchen.com\/en\/home-decor\/\"},{\"@type\":\"ListItem\",\"position\":2,\"name\":\"Shop\",\"item\":\"https:\/\/prova.kuokokitchen.com\/en\/shop\/\"},{\"@type\":\"ListItem\",\"position\":3,\"name\":\"Cake pan blue \u00d828cm\"}]},{\"@type\":\"WebSite\",\"@id\":\"https:\/\/prova.kuokokitchen.com\/en\/#website\",\"url\":\"https:\/\/prova.kuokokitchen.com\/en\/\",\"name\":\"Kuoko Kitchen Things\",\"description\":\"Utensilios de cocina libre de t\u00f3xicos\",\"potentialAction\":[{\"@type\":\"SearchAction\",\"target\":{\"@type\":\"EntryPoint\",\"urlTemplate\":\"https:\/\/prova.kuokokitchen.com\/en\/?s={search_term_string}\"},\"query-input\":\"required name=search_term_string\"}],\"inLanguage\":\"en-US\"}]}<\/script>\n<!-- \/ Yoast SEO plugin. -->","yoast_head_json":{"title":"Buy Cake pan blue \u00d828cm | Kuoko Kitchen Things","description":"Looking for a ceramic Cake pan blue \u00d828cm? Visit our KUOKO store and find high quality, toxic-free utensils! Buy Cake pan blue \u00d828cm now!","robots":{"index":"noindex","follow":"follow","max-snippet":"max-snippet:-1","max-image-preview":"max-image-preview:large","max-video-preview":"max-video-preview:-1"},"og_locale":"en_US","og_type":"article","og_title":"Buy Cake pan blue \u00d828cm | Kuoko Kitchen Things","og_description":"Looking for a ceramic Cake pan blue \u00d828cm? Visit our KUOKO store and find high quality, toxic-free utensils! Buy Cake pan blue \u00d828cm now!","og_url":"https:\/\/prova.kuokokitchen.com\/en\/kitchen-products\/cake-pan-blue-o28cm\/","og_site_name":"Kuoko Kitchen Things","article_modified_time":"2024-07-25T06:58:38+00:00","og_image":[{"width":813,"height":768,"url":"https:\/\/prova.kuokokitchen.com\/wp-content\/uploads\/kuoko-cake-pan-tartera-ceramica.webp","type":"image\/webp"}],"twitter_card":"summary_large_image","twitter_misc":{"Est. reading time":"1 minute"},"schema":{"@context":"https:\/\/schema.org","@graph":[{"@type":"WebPage","@id":"https:\/\/prova.kuokokitchen.com\/en\/kitchen-products\/cake-pan-blue-o28cm\/","url":"https:\/\/prova.kuokokitchen.com\/en\/kitchen-products\/cake-pan-blue-o28cm\/","name":"Buy Cake pan blue \u00d828cm | Kuoko Kitchen Things","isPartOf":{"@id":"https:\/\/prova.kuokokitchen.com\/en\/#website"},"datePublished":"2022-11-15T11:56:50+00:00","dateModified":"2024-07-25T06:58:38+00:00","description":"Looking for a ceramic Cake pan blue \u00d828cm? Visit our KUOKO store and find high quality, toxic-free utensils! Buy Cake pan blue \u00d828cm now!","breadcrumb":{"@id":"https:\/\/prova.kuokokitchen.com\/en\/kitchen-products\/cake-pan-blue-o28cm\/#breadcrumb"},"inLanguage":"en-US","potentialAction":[{"@type":"ReadAction","target":["https:\/\/prova.kuokokitchen.com\/en\/kitchen-products\/cake-pan-blue-o28cm\/"]}]},{"@type":"BreadcrumbList","@id":"https:\/\/prova.kuokokitchen.com\/en\/kitchen-products\/cake-pan-blue-o28cm\/#breadcrumb","itemListElement":[{"@type":"ListItem","position":1,"name":"Home","item":"https:\/\/prova.kuokokitchen.com\/en\/home-decor\/"},{"@type":"ListItem","position":2,"name":"Shop","item":"https:\/\/prova.kuokokitchen.com\/en\/shop\/"},{"@type":"ListItem","position":3,"name":"Cake pan blue \u00d828cm"}]},{"@type":"WebSite","@id":"https:\/\/prova.kuokokitchen.com\/en\/#website","url":"https:\/\/prova.kuokokitchen.com\/en\/","name":"Kuoko Kitchen Things","description":"Utensilios de cocina libre de t\u00f3xicos","potentialAction":[{"@type":"SearchAction","target":{"@type":"EntryPoint","urlTemplate":"https:\/\/prova.kuokokitchen.com\/en\/?s={search_term_string}"},"query-input":"required name=search_term_string"}],"inLanguage":"en-US"}]}},"_links":{"self":[{"href":"https:\/\/prova.kuokokitchen.com\/en\/wp-json\/wp\/v2\/product\/7884"}],"collection":[{"href":"https:\/\/prova.kuokokitchen.com\/en\/wp-json\/wp\/v2\/product"}],"about":[{"href":"https:\/\/prova.kuokokitchen.com\/en\/wp-json\/wp\/v2\/types\/product"}],"wp:featuredmedia":[{"embeddable":true,"href":"https:\/\/prova.kuokokitchen.com\/en\/wp-json\/wp\/v2\/media\/8475"}],"wp:attachment":[{"href":"https:\/\/prova.kuokokitchen.com\/en\/wp-json\/wp\/v2\/media?parent=7884"}],"wp:term":[{"taxonomy":"product_cat","embeddable":true,"href":"https:\/\/prova.kuokokitchen.com\/en\/wp-json\/wp\/v2\/product_cat?post=7884"},{"taxonomy":"product_tag","embeddable":true,"href":"https:\/\/prova.kuokokitchen.com\/en\/wp-json\/wp\/v2\/product_tag?post=7884"}],"curies":[{"name":"wp","href":"https:\/\/api.w.org\/{rel}","templated":true}]}}