{"id":7906,"date":"2022-08-16T13:48:59","date_gmt":"2022-11-15T12:37:16","guid":{"rendered":"https:\/\/kuokokitchen.com\/uncategorized\/dutch-oven-yellow-o20cm\/"},"modified":"2025-03-13T00:44:27","modified_gmt":"2025-03-12T22:44:27","slug":"dutch-oven-yellow-o20cm","status":"publish","type":"product","link":"https:\/\/prova.kuokokitchen.com\/en\/kitchen-products\/dutch-oven-yellow-o20cm\/","title":{"rendered":"Dutch oven yellow \u00d820cm"},"content":{"rendered":"<div class=\"wpb-content-wrapper\"><p>[vc_row][vc_column][vc_column_text text_larger=&#8221;no&#8221; woodmart_inline=&#8221;no&#8221;]With the KUOKO ceramic cocotte you can make incredible recipes. From soups and stews, to stews, baked goods and much more!<\/p>\n<p>Designed in Switzerland and handmade in Italy, the KUOKO ceramic cocotte stands out for its lightness, easy handling, thanks to its comfortable grip handles, and easy washing.<\/p>\n<p>This cocotte is in its purest state, so it does not have a commercial non-stick coating. Even so, it cooks very easily, and without sticking, just add a little oil or fat before cooking and you&#8217;ll see! Once you start using it, you won&#8217;t want to part with it, it&#8217;s worth it!<\/p>\n<p>You will notice it in the taste. Discover it and enjoy it! Ceramic is inert and does not react with your food, so the flavor of your food will not be altered by the material it is cooked in.<\/p>\n<p>The lid is specially designed to achieve a moderate \u201crain\u201d effect. The lumps inside serve so that, when the KUOKO saucepan or cocotte is covered during cooking, the condensation that may be generated will fall on the food, thus preventing it from drying out. In this way, the meat, vegetables or whatever is being cooked will always be tender and juicy, maintaining all its flavor!<\/p>\n<p>You will save on energy! Ceramic, compared to other materials, has the ability to retain heat for a longer time, so it allows heating at a lower heat and even finishing cooking with the heat off.<\/p>\n<p>Super versatile! You can use it where you want and when you want. To serve at the table, store food in the fridge or freezer, cook in the oven, ceramic hob, gas, induction, electric hob, on a barbecue, grill, or microwave.[\/vc_column_text][\/vc_column][\/vc_row][vc_row][vc_column][vc_column_text text_larger=&#8221;no&#8221; woodmart_inline=&#8221;no&#8221;]Made in Italy<\/p>\n<p>Material: Gres ceramic suitable for flame<\/p>\n<h2>What is special about the stoneware of the yellow cocotte \u00d820cm?<\/h2>\n<p>The raw material for flame-safe stoneware has a special formula and is fired at extremely high temperatures. The result is a much harder ceramic, resistant to thermal shock and durable. Which makes it an ideal material for cooking and use in the kitchen.<\/p>\n<p>At KUOKO we try to take maximum care of the environment. The product will arrive packaged without any plastic in a recycled cardboard box and with 100% recyclable, biodegradable and compostable packaging chips that dissolve in water. Help us and the environment and make sure you recycle to give our packaging another life!<\/p>\n<p>Ceramic utensils, as long as they are well cared for, are for life but, if you want to get rid of them, take them to your nearest green point.[\/vc_column_text][\/vc_column][\/vc_row][vc_row][vc_column][vc_column_text]<\/p>\n<p>[\/vc_column_text][\/vc_column][\/vc_row][vc_row][vc_column][vc_row_inner content_placement=&#8221;top&#8221; gap=&#8221;10&#8243; row_reverse_mobile=&#8221;0&#8243; row_reverse_tablet=&#8221;0&#8243;][vc_column_inner width=&#8221;1\/4&#8243; woodmart_text_align=&#8221;center&#8221;]\t\t\t<div class=\"info-box-wrapper\">\n\t\t\t\t<div id=\"wd-632af9ca43d2b\" class=\" wd-rs-632af9ca43d2b wd-info-box wd-wpb text-center box-icon-align-top box-style- color-scheme- wd-bg-none \">\n\t\t\t\t\t\t\t\t\t\t\t<div class=\"box-icon-wrapper  box-with-icon box-icon-simple\">\n\t\t\t\t\t\t\t<div class=\"info-box-icon\">\n\n\t\t\t\t\t\t\t\n\t\t\t\t\t\t\t\t\t\t\t\t\t\t\t\t\t<img loading=\"lazy\" decoding=\"async\" width=\"75\" height=\"75\" src=\"https:\/\/prova.kuokokitchen.com\/wp-content\/uploads\/pictos_apto_microondas_gris-75x75.png\" class=\"attachment-75x75 size-75x75\" alt=\"\" \/>\t\t\t\t\t\t\t\t\t\t\t\t\t\t\t\n\t\t\t\t\t\t\t<\/div>\n\t\t\t\t\t\t<\/div>\n\t\t\t\t\t\t\t\t\t\t<div class=\"info-box-content\">\n\t\t\t\t\t\t\t\t\t\t\t\t<div class=\"info-box-inner set-cont-mb-s reset-last-child\"><p>Microwave safe<\/p>\n<\/div>\n\n\t\t\t\t\t\t\t\t\t\t\t<\/div>\n\n\t\t\t\t\t\n\t\t\t\t\t\t\t\t\t<\/div>\n\t\t\t<\/div>\n\t\t[\/vc_column_inner][vc_column_inner width=&#8221;1\/4&#8243; woodmart_text_align=&#8221;right&#8221;]\t\t\t<div class=\"info-box-wrapper\">\n\t\t\t\t<div id=\"wd-632ac2319b511\" class=\" wd-rs-632ac2319b511 wd-info-box wd-wpb text-center box-icon-align-top box-style- color-scheme- wd-bg-none \">\n\t\t\t\t\t\t\t\t\t\t\t<div class=\"box-icon-wrapper  box-with-icon box-icon-simple\">\n\t\t\t\t\t\t\t<div class=\"info-box-icon\">\n\n\t\t\t\t\t\t\t\n\t\t\t\t\t\t\t\t\t\t\t\t\t\t\t\t\t<img loading=\"lazy\" decoding=\"async\" width=\"75\" height=\"75\" src=\"https:\/\/prova.kuokokitchen.com\/wp-content\/uploads\/pictos_apto_lavavajillas_gris-75x75.png\" class=\"attachment-75x75 size-75x75\" alt=\"\" \/>\t\t\t\t\t\t\t\t\t\t\t\t\t\t\t\n\t\t\t\t\t\t\t<\/div>\n\t\t\t\t\t\t<\/div>\n\t\t\t\t\t\t\t\t\t\t<div class=\"info-box-content\">\n\t\t\t\t\t\t\t\t\t\t\t\t<div class=\"info-box-inner set-cont-mb-s reset-last-child\"><p>Dishwasher safe<\/p>\n<\/div>\n\n\t\t\t\t\t\t\t\t\t\t\t<\/div>\n\n\t\t\t\t\t\n\t\t\t\t\t\t\t\t\t<\/div>\n\t\t\t<\/div>\n\t\t[\/vc_column_inner][vc_column_inner width=&#8221;1\/4&#8243; woodmart_text_align=&#8221;center&#8221;]\t\t\t<div class=\"info-box-wrapper\">\n\t\t\t\t<div id=\"wd-632af2c1cb09e\" class=\" wd-rs-632af2c1cb09e wd-info-box wd-wpb text-center box-icon-align-top box-style- color-scheme- wd-bg-none \">\n\t\t\t\t\t\t\t\t\t\t\t<div class=\"box-icon-wrapper  box-with-icon box-icon-simple\">\n\t\t\t\t\t\t\t<div class=\"info-box-icon\">\n\n\t\t\t\t\t\t\t\n\t\t\t\t\t\t\t\t\t\t\t\t\t\t\t\t\t<img loading=\"lazy\" decoding=\"async\" width=\"75\" height=\"75\" src=\"https:\/\/prova.kuokokitchen.com\/wp-content\/uploads\/pictos_apto_horno_gris-75x75.png\" class=\"attachment-75x75 size-75x75\" alt=\"\" \/>\t\t\t\t\t\t\t\t\t\t\t\t\t\t\t\n\t\t\t\t\t\t\t<\/div>\n\t\t\t\t\t\t<\/div>\n\t\t\t\t\t\t\t\t\t\t<div class=\"info-box-content\">\n\t\t\t\t\t\t\t\t\t\t\t\t<div class=\"info-box-inner set-cont-mb-s reset-last-child\"><p>Oven safe<\/p>\n<\/div>\n\n\t\t\t\t\t\t\t\t\t\t\t<\/div>\n\n\t\t\t\t\t\n\t\t\t\t\t\t\t\t\t<\/div>\n\t\t\t<\/div>\n\t\t[\/vc_column_inner][vc_column_inner width=&#8221;1\/4&#8243; woodmart_text_align=&#8221;center&#8221;]\t\t\t<div class=\"info-box-wrapper\">\n\t\t\t\t<div id=\"wd-632afe5c6fddf\" class=\" wd-rs-632afe5c6fddf wd-info-box wd-wpb text-center box-icon-align-top box-style- color-scheme- wd-bg-none \">\n\t\t\t\t\t\t\t\t\t\t\t<div class=\"box-icon-wrapper  box-with-icon box-icon-simple\">\n\t\t\t\t\t\t\t<div class=\"info-box-icon\">\n\n\t\t\t\t\t\t\t\n\t\t\t\t\t\t\t\t\t\t\t\t\t\t\t\t\t<img loading=\"lazy\" decoding=\"async\" width=\"75\" height=\"75\" src=\"https:\/\/prova.kuokokitchen.com\/wp-content\/uploads\/pictos_apto_cocina_gas_gris-75x75.png\" class=\"attachment-75x75 size-75x75\" alt=\"\" \/>\t\t\t\t\t\t\t\t\t\t\t\t\t\t\t\n\t\t\t\t\t\t\t<\/div>\n\t\t\t\t\t\t<\/div>\n\t\t\t\t\t\t\t\t\t\t<div class=\"info-box-content\">\n\t\t\t\t\t\t\t\t\t\t\t\t<div class=\"info-box-inner set-cont-mb-s reset-last-child\"><p>Fit for fire and fire stove<\/p>\n<\/div>\n\n\t\t\t\t\t\t\t\t\t\t\t<\/div>\n\n\t\t\t\t\t\n\t\t\t\t\t\t\t\t\t<\/div>\n\t\t\t<\/div>\n\t\t[\/vc_column_inner][\/vc_row_inner][\/vc_column][\/vc_row][vc_row][vc_column][vc_row_inner content_placement=&#8221;top&#8221; gap=&#8221;10&#8243; row_reverse_mobile=&#8221;0&#8243; row_reverse_tablet=&#8221;0&#8243;][vc_column_inner width=&#8221;1\/4&#8243; woodmart_text_align=&#8221;center&#8221;]\t\t\t<div class=\"info-box-wrapper\">\n\t\t\t\t<div id=\"wd-632afcf34b7af\" class=\" wd-rs-632afcf34b7af wd-info-box wd-wpb text-center box-icon-align-top box-style- color-scheme- wd-bg-none \">\n\t\t\t\t\t\t\t\t\t\t\t<div class=\"box-icon-wrapper  box-with-icon box-icon-simple\">\n\t\t\t\t\t\t\t<div class=\"info-box-icon\">\n\n\t\t\t\t\t\t\t\n\t\t\t\t\t\t\t\t\t\t\t\t\t\t\t\t\t<img loading=\"lazy\" decoding=\"async\" width=\"75\" height=\"75\" src=\"https:\/\/prova.kuokokitchen.com\/wp-content\/uploads\/pictos_apto_cocina_vitro_gris-75x75.png\" class=\"attachment-75x75 size-75x75\" alt=\"\" \/>\t\t\t\t\t\t\t\t\t\t\t\t\t\t\t\n\t\t\t\t\t\t\t<\/div>\n\t\t\t\t\t\t<\/div>\n\t\t\t\t\t\t\t\t\t\t<div class=\"info-box-content\">\n\t\t\t\t\t\t\t\t\t\t\t\t<div class=\"info-box-inner set-cont-mb-s reset-last-child\"><p>Fit for glass stove tops<\/p>\n<\/div>\n\n\t\t\t\t\t\t\t\t\t\t\t<\/div>\n\n\t\t\t\t\t\n\t\t\t\t\t\t\t\t\t<\/div>\n\t\t\t<\/div>\n\t\t[\/vc_column_inner][vc_column_inner width=&#8221;1\/4&#8243; woodmart_text_align=&#8221;right&#8221;]\t\t\t<div class=\"info-box-wrapper\">\n\t\t\t\t<div id=\"wd-632afcc6c3e35\" class=\" wd-rs-632afcc6c3e35 wd-info-box wd-wpb text-center box-icon-align-top box-style- color-scheme- wd-bg-none \">\n\t\t\t\t\t\t\t\t\t\t\t<div class=\"box-icon-wrapper  box-with-icon box-icon-simple\">\n\t\t\t\t\t\t\t<div class=\"info-box-icon\">\n\n\t\t\t\t\t\t\t\n\t\t\t\t\t\t\t\t\t\t\t\t\t\t\t\t\t<img loading=\"lazy\" decoding=\"async\" width=\"75\" height=\"75\" src=\"https:\/\/prova.kuokokitchen.com\/wp-content\/uploads\/pictos_apto_cocina_induccion_gris-75x75.png\" class=\"attachment-75x75 size-75x75\" alt=\"\" \/>\t\t\t\t\t\t\t\t\t\t\t\t\t\t\t\n\t\t\t\t\t\t\t<\/div>\n\t\t\t\t\t\t<\/div>\n\t\t\t\t\t\t\t\t\t\t<div class=\"info-box-content\">\n\t\t\t\t\t\t\t\t\t\t\t\t<div class=\"info-box-inner set-cont-mb-s reset-last-child\"><p>Fit for induction stove<\/p>\n<\/div>\n\n\t\t\t\t\t\t\t\t\t\t\t<\/div>\n\n\t\t\t\t\t\n\t\t\t\t\t\t\t\t\t<\/div>\n\t\t\t<\/div>\n\t\t[\/vc_column_inner][vc_column_inner width=&#8221;1\/4&#8243; woodmart_text_align=&#8221;center&#8221;]\t\t\t<div class=\"info-box-wrapper\">\n\t\t\t\t<div id=\"wd-632afe7920168\" class=\" wd-rs-632afe7920168 wd-info-box wd-wpb text-center box-icon-align-top box-style- color-scheme- wd-bg-none \">\n\t\t\t\t\t\t\t\t\t\t\t<div class=\"box-icon-wrapper  box-with-icon box-icon-simple\">\n\t\t\t\t\t\t\t<div class=\"info-box-icon\">\n\n\t\t\t\t\t\t\t\n\t\t\t\t\t\t\t\t\t\t\t\t\t\t\t\t\t<img loading=\"lazy\" decoding=\"async\" width=\"75\" height=\"75\" src=\"https:\/\/prova.kuokokitchen.com\/wp-content\/uploads\/pictos_apto_barbacoa_fuego_gris-75x75.png\" class=\"attachment-75x75 size-75x75\" alt=\"\" \/>\t\t\t\t\t\t\t\t\t\t\t\t\t\t\t\n\t\t\t\t\t\t\t<\/div>\n\t\t\t\t\t\t<\/div>\n\t\t\t\t\t\t\t\t\t\t<div class=\"info-box-content\">\n\t\t\t\t\t\t\t\t\t\t\t\t<div class=\"info-box-inner set-cont-mb-s reset-last-child\"><p>BBQ friendly<\/p>\n<\/div>\n\n\t\t\t\t\t\t\t\t\t\t\t<\/div>\n\n\t\t\t\t\t\n\t\t\t\t\t\t\t\t\t<\/div>\n\t\t\t<\/div>\n\t\t[\/vc_column_inner][vc_column_inner width=&#8221;1\/4&#8243; woodmart_text_align=&#8221;center&#8221;]\t\t\t<div class=\"info-box-wrapper\">\n\t\t\t\t<div id=\"wd-632af33052c49\" class=\" wd-rs-632af33052c49 wd-info-box wd-wpb text-center box-icon-align-top box-style- color-scheme- wd-bg-none \">\n\t\t\t\t\t\t\t\t\t\t\t<div class=\"box-icon-wrapper  box-with-icon box-icon-simple\">\n\t\t\t\t\t\t\t<div class=\"info-box-icon\">\n\n\t\t\t\t\t\t\t\n\t\t\t\t\t\t\t\t\t\t\t\t\t\t\t\t\t<img loading=\"lazy\" decoding=\"async\" width=\"75\" height=\"75\" src=\"https:\/\/prova.kuokokitchen.com\/wp-content\/uploads\/pictos_apto_nevera_gris-75x75.png\" class=\"attachment-75x75 size-75x75\" alt=\"\" \/>\t\t\t\t\t\t\t\t\t\t\t\t\t\t\t\n\t\t\t\t\t\t\t<\/div>\n\t\t\t\t\t\t<\/div>\n\t\t\t\t\t\t\t\t\t\t<div class=\"info-box-content\">\n\t\t\t\t\t\t\t\t\t\t\t\t<div class=\"info-box-inner set-cont-mb-s reset-last-child\"><p>Fridge safe<\/p>\n<\/div>\n\n\t\t\t\t\t\t\t\t\t\t\t<\/div>\n\n\t\t\t\t\t\n\t\t\t\t\t\t\t\t\t<\/div>\n\t\t\t<\/div>\n\t\t[\/vc_column_inner][\/vc_row_inner][\/vc_column][\/vc_row]<\/p>\n<\/div>","protected":false},"excerpt":{"rendered":"<p>With the toxic-free KUOKO ceramic cocotte, you will cook incredible, delicious and healthy recipes. From soups and stews, to stews, baked goods and much more!<\/p>\n","protected":false},"featured_media":8858,"template":"","meta":{"_themeisle_gutenberg_block_has_review":false},"product_cat":[563,564,898],"product_tag":[597],"yoast_head":"<!-- This site is optimized with the Yoast SEO plugin v21.5 - https:\/\/yoast.com\/wordpress\/plugins\/seo\/ -->\n<title>Buy Dutch oven yellow \u00d820cm | Kuoko Kitchen Things<\/title>\n<meta name=\"description\" content=\"Compra una cocotte amarilla de 20cm de calidad y libre de t\u00f3xicos. En Kuoko somos expertos en la fabricaci\u00f3n de utensilios saludables y duraderos \u00a1Entra!\" \/>\n<meta name=\"robots\" content=\"noindex, follow, max-snippet:-1, max-image-preview:large, max-video-preview:-1\" \/>\n<meta property=\"og:locale\" content=\"en_US\" \/>\n<meta property=\"og:type\" content=\"article\" \/>\n<meta property=\"og:title\" content=\"Buy Dutch oven yellow \u00d820cm | Kuoko Kitchen Things\" \/>\n<meta property=\"og:description\" content=\"Compra una cocotte amarilla de 20cm de calidad y libre de t\u00f3xicos. En Kuoko somos expertos en la fabricaci\u00f3n de utensilios saludables y duraderos \u00a1Entra!\" \/>\n<meta property=\"og:url\" content=\"https:\/\/prova.kuokokitchen.com\/en\/kitchen-products\/dutch-oven-yellow-o20cm\/\" \/>\n<meta property=\"og:site_name\" content=\"Kuoko Kitchen Things\" \/>\n<meta property=\"article:modified_time\" content=\"2025-03-12T22:44:27+00:00\" \/>\n<meta property=\"og:image\" content=\"https:\/\/prova.kuokokitchen.com\/wp-content\/uploads\/dutch-oven-amarillo-ceramica-cocotte-olla-sin-toxicos.webp\" \/>\n\t<meta property=\"og:image:width\" content=\"1200\" \/>\n\t<meta property=\"og:image:height\" content=\"1135\" \/>\n\t<meta property=\"og:image:type\" content=\"image\/webp\" \/>\n<meta name=\"twitter:card\" content=\"summary_large_image\" \/>\n<meta name=\"twitter:label1\" content=\"Est. reading time\" \/>\n\t<meta name=\"twitter:data1\" content=\"3 minutes\" \/>\n<script type=\"application\/ld+json\" class=\"yoast-schema-graph\">{\"@context\":\"https:\/\/schema.org\",\"@graph\":[{\"@type\":\"WebPage\",\"@id\":\"https:\/\/prova.kuokokitchen.com\/en\/kitchen-products\/dutch-oven-yellow-o20cm\/\",\"url\":\"https:\/\/prova.kuokokitchen.com\/en\/kitchen-products\/dutch-oven-yellow-o20cm\/\",\"name\":\"Buy Dutch oven yellow \u00d820cm | Kuoko Kitchen Things\",\"isPartOf\":{\"@id\":\"https:\/\/prova.kuokokitchen.com\/en\/#website\"},\"datePublished\":\"2022-11-15T12:37:16+00:00\",\"dateModified\":\"2025-03-12T22:44:27+00:00\",\"description\":\"Compra una cocotte amarilla de 20cm de calidad y libre de t\u00f3xicos. En Kuoko somos expertos en la fabricaci\u00f3n de utensilios saludables y duraderos \u00a1Entra!\",\"breadcrumb\":{\"@id\":\"https:\/\/prova.kuokokitchen.com\/en\/kitchen-products\/dutch-oven-yellow-o20cm\/#breadcrumb\"},\"inLanguage\":\"en-US\",\"potentialAction\":[{\"@type\":\"ReadAction\",\"target\":[\"https:\/\/prova.kuokokitchen.com\/en\/kitchen-products\/dutch-oven-yellow-o20cm\/\"]}]},{\"@type\":\"BreadcrumbList\",\"@id\":\"https:\/\/prova.kuokokitchen.com\/en\/kitchen-products\/dutch-oven-yellow-o20cm\/#breadcrumb\",\"itemListElement\":[{\"@type\":\"ListItem\",\"position\":1,\"name\":\"Home\",\"item\":\"https:\/\/prova.kuokokitchen.com\/en\/home-decor\/\"},{\"@type\":\"ListItem\",\"position\":2,\"name\":\"Shop\",\"item\":\"https:\/\/prova.kuokokitchen.com\/en\/shop\/\"},{\"@type\":\"ListItem\",\"position\":3,\"name\":\"Dutch oven yellow \u00d820cm\"}]},{\"@type\":\"WebSite\",\"@id\":\"https:\/\/prova.kuokokitchen.com\/en\/#website\",\"url\":\"https:\/\/prova.kuokokitchen.com\/en\/\",\"name\":\"Kuoko Kitchen Things\",\"description\":\"Utensilios de cocina libre de t\u00f3xicos\",\"potentialAction\":[{\"@type\":\"SearchAction\",\"target\":{\"@type\":\"EntryPoint\",\"urlTemplate\":\"https:\/\/prova.kuokokitchen.com\/en\/?s={search_term_string}\"},\"query-input\":\"required name=search_term_string\"}],\"inLanguage\":\"en-US\"}]}<\/script>\n<!-- \/ Yoast SEO plugin. -->","yoast_head_json":{"title":"Buy Dutch oven yellow \u00d820cm | Kuoko Kitchen Things","description":"Compra una cocotte amarilla de 20cm de calidad y libre de t\u00f3xicos. En Kuoko somos expertos en la fabricaci\u00f3n de utensilios saludables y duraderos \u00a1Entra!","robots":{"index":"noindex","follow":"follow","max-snippet":"max-snippet:-1","max-image-preview":"max-image-preview:large","max-video-preview":"max-video-preview:-1"},"og_locale":"en_US","og_type":"article","og_title":"Buy Dutch oven yellow \u00d820cm | Kuoko Kitchen Things","og_description":"Compra una cocotte amarilla de 20cm de calidad y libre de t\u00f3xicos. En Kuoko somos expertos en la fabricaci\u00f3n de utensilios saludables y duraderos \u00a1Entra!","og_url":"https:\/\/prova.kuokokitchen.com\/en\/kitchen-products\/dutch-oven-yellow-o20cm\/","og_site_name":"Kuoko Kitchen Things","article_modified_time":"2025-03-12T22:44:27+00:00","og_image":[{"width":1200,"height":1135,"url":"https:\/\/prova.kuokokitchen.com\/wp-content\/uploads\/dutch-oven-amarillo-ceramica-cocotte-olla-sin-toxicos.webp","type":"image\/webp"}],"twitter_card":"summary_large_image","twitter_misc":{"Est. reading time":"3 minutes"},"schema":{"@context":"https:\/\/schema.org","@graph":[{"@type":"WebPage","@id":"https:\/\/prova.kuokokitchen.com\/en\/kitchen-products\/dutch-oven-yellow-o20cm\/","url":"https:\/\/prova.kuokokitchen.com\/en\/kitchen-products\/dutch-oven-yellow-o20cm\/","name":"Buy Dutch oven yellow \u00d820cm | Kuoko Kitchen Things","isPartOf":{"@id":"https:\/\/prova.kuokokitchen.com\/en\/#website"},"datePublished":"2022-11-15T12:37:16+00:00","dateModified":"2025-03-12T22:44:27+00:00","description":"Compra una cocotte amarilla de 20cm de calidad y libre de t\u00f3xicos. En Kuoko somos expertos en la fabricaci\u00f3n de utensilios saludables y duraderos \u00a1Entra!","breadcrumb":{"@id":"https:\/\/prova.kuokokitchen.com\/en\/kitchen-products\/dutch-oven-yellow-o20cm\/#breadcrumb"},"inLanguage":"en-US","potentialAction":[{"@type":"ReadAction","target":["https:\/\/prova.kuokokitchen.com\/en\/kitchen-products\/dutch-oven-yellow-o20cm\/"]}]},{"@type":"BreadcrumbList","@id":"https:\/\/prova.kuokokitchen.com\/en\/kitchen-products\/dutch-oven-yellow-o20cm\/#breadcrumb","itemListElement":[{"@type":"ListItem","position":1,"name":"Home","item":"https:\/\/prova.kuokokitchen.com\/en\/home-decor\/"},{"@type":"ListItem","position":2,"name":"Shop","item":"https:\/\/prova.kuokokitchen.com\/en\/shop\/"},{"@type":"ListItem","position":3,"name":"Dutch oven yellow \u00d820cm"}]},{"@type":"WebSite","@id":"https:\/\/prova.kuokokitchen.com\/en\/#website","url":"https:\/\/prova.kuokokitchen.com\/en\/","name":"Kuoko Kitchen Things","description":"Utensilios de cocina libre de t\u00f3xicos","potentialAction":[{"@type":"SearchAction","target":{"@type":"EntryPoint","urlTemplate":"https:\/\/prova.kuokokitchen.com\/en\/?s={search_term_string}"},"query-input":"required name=search_term_string"}],"inLanguage":"en-US"}]}},"_links":{"self":[{"href":"https:\/\/prova.kuokokitchen.com\/en\/wp-json\/wp\/v2\/product\/7906"}],"collection":[{"href":"https:\/\/prova.kuokokitchen.com\/en\/wp-json\/wp\/v2\/product"}],"about":[{"href":"https:\/\/prova.kuokokitchen.com\/en\/wp-json\/wp\/v2\/types\/product"}],"wp:featuredmedia":[{"embeddable":true,"href":"https:\/\/prova.kuokokitchen.com\/en\/wp-json\/wp\/v2\/media\/8858"}],"wp:attachment":[{"href":"https:\/\/prova.kuokokitchen.com\/en\/wp-json\/wp\/v2\/media?parent=7906"}],"wp:term":[{"taxonomy":"product_cat","embeddable":true,"href":"https:\/\/prova.kuokokitchen.com\/en\/wp-json\/wp\/v2\/product_cat?post=7906"},{"taxonomy":"product_tag","embeddable":true,"href":"https:\/\/prova.kuokokitchen.com\/en\/wp-json\/wp\/v2\/product_tag?post=7906"}],"curies":[{"name":"wp","href":"https:\/\/api.w.org\/{rel}","templated":true}]}}