{"id":7934,"date":"2022-08-16T13:48:59","date_gmt":"2022-11-15T14:37:18","guid":{"rendered":"https:\/\/kuokokitchen.com\/uncategorized\/sieve-o25-5cm\/"},"modified":"2025-01-21T00:33:23","modified_gmt":"2025-01-20T22:33:23","slug":"sieve-o25-5cm","status":"publish","type":"product","link":"https:\/\/prova.kuokokitchen.com\/en\/kitchen-products\/sieve-o25-5cm\/","title":{"rendered":"Sieve \u00d825.5cm"},"content":{"rendered":"<div class=\"wpb-content-wrapper\"><p>[vc_row][vc_column][vc_column_text woodmart_inline=&#8221;no&#8221; text_larger=&#8221;no&#8221;]Ideal y pr\u00e1ctico colador en forma de cesta con asas para filtrar y\/o escurrir alimentos. El soporte de la base, por un lado, lo convierte en un colador muy estable si se quiere apoyar en cualquier tipo de superficie y, por otro lado, deja un peque\u00f1o espacio para que todo quede bien escurrido sin retener el agua.<\/p>\n<p>Dise\u00f1o apilable con el Colador cesta de \u00d822,5cms.<br \/>\nFabricado en Corea del Sur<\/p>\n<p>Material: Acero inoxidable de alta calidad. El acero inoxidable es genial para usar como utensilio de cocina ya que es muy resistente y, usado de forma habitual y sin someterlo a situaciones extremas, no libera metales pesados. M\u00e1s informaci\u00f3n sobre porqu\u00e9 nos encanta este material <a href=\"https:\/\/prova.kuokokitchen.com\/materiales\/acero\/\" target=\"_blank\" rel=\"noopener\">aqu\u00ed<\/a>.<\/p>\n<p>En KUOKO intentamos cuidar al m\u00e1ximo del medio ambiente. El producto te llegar\u00e1 envasado sin nada de pl\u00e1stico en una caja de cart\u00f3n reciclado. \u00a1Ayudanos a mantener esta cadena y asegurate de reciclar para darle otra vida a todo nuestro packaging!<\/p>\n<p>El acero inoxidable es un material 100% reciclable. Estos utensilios, siempre que esten bien cuidados, son para toda la vida pero, si quieres deshacerte de ellos, ll\u00e9valos a tu punto verde m\u00e1s cercano \u00a1y dale otra vida al material! Lavar antes de usar.<br \/>\nTotalmente apto para el lavavajillas.<br \/>\nEn caso de lavar a mano, usar un jab\u00f3n suave y una esponja no abrasiva para evitar rallar el material.<br \/>\nNunca limpiar el acero inoxidable con sustancias corrosivas, sustancias muy \u00e1cidas, o sustancias muy alcalinas.<br \/>\nRecomendamos no guardar el utensilio hasta que no est\u00e9 completamente seco.<br \/>\nNo apto para el microondas.[\/vc_column_text][\/vc_column][\/vc_row][vc_row][vc_column][vc_column_text]<\/p>\n<p>[\/vc_column_text][\/vc_column][\/vc_row][vc_row][vc_column][vc_row_inner content_placement=&#8221;top&#8221; gap=&#8221;10&#8243; row_reverse_mobile=&#8221;0&#8243; row_reverse_tablet=&#8221;0&#8243;][vc_column_inner width=&#8221;1\/4&#8243; woodmart_text_align=&#8221;center&#8221;]\t\t\t<div class=\"info-box-wrapper\">\n\t\t\t\t<div id=\"wd-632ac22adda04\" class=\" wd-rs-632ac22adda04 wd-info-box wd-wpb text-center box-icon-align-top box-style- color-scheme- wd-bg-none \">\n\t\t\t\t\t\t\t\t\t\t\t<div class=\"box-icon-wrapper  box-with-icon box-icon-simple\">\n\t\t\t\t\t\t\t<div class=\"info-box-icon\">\n\n\t\t\t\t\t\t\t\n\t\t\t\t\t\t\t\t\t\t\t\t\t\t\t\t\t<img loading=\"lazy\" decoding=\"async\" width=\"75\" height=\"75\" src=\"https:\/\/prova.kuokokitchen.com\/wp-content\/uploads\/plastic_free_gris.png\" class=\"attachment-800x600 size-800x600\" alt=\"\" \/>\t\t\t\t\t\t\t\t\t\t\t\t\t\t\t\n\t\t\t\t\t\t\t<\/div>\n\t\t\t\t\t\t<\/div>\n\t\t\t\t\t\t\t\t\t\t<div class=\"info-box-content\">\n\t\t\t\t\t\t\t\t\t\t\t\t<div class=\"info-box-inner set-cont-mb-s reset-last-child\"><p>Plastic free<\/p>\n<\/div>\n\n\t\t\t\t\t\t\t\t\t\t\t<\/div>\n\n\t\t\t\t\t\n\t\t\t\t\t\t\t\t\t<\/div>\n\t\t\t<\/div>\n\t\t[\/vc_column_inner][vc_column_inner width=&#8221;1\/4&#8243; woodmart_text_align=&#8221;right&#8221;]\t\t\t<div class=\"info-box-wrapper\">\n\t\t\t\t<div id=\"wd-637e3a89edcf8\" class=\" wd-rs-637e3a89edcf8 wd-info-box wd-wpb text-center box-icon-align-top box-style- color-scheme- wd-bg-none \">\n\t\t\t\t\t\t\t\t\t\t\t<div class=\"box-icon-wrapper  box-with-icon box-icon-simple\">\n\t\t\t\t\t\t\t<div class=\"info-box-icon\">\n\n\t\t\t\t\t\t\t\n\t\t\t\t\t\t\t\t\t\t\t\t\t\t\t\t\t<img loading=\"lazy\" decoding=\"async\" width=\"75\" height=\"75\" src=\"https:\/\/prova.kuokokitchen.com\/wp-content\/uploads\/no_apto_microondas_gris.png\" class=\"attachment-800x600 size-800x600\" alt=\"\" \/>\t\t\t\t\t\t\t\t\t\t\t\t\t\t\t\n\t\t\t\t\t\t\t<\/div>\n\t\t\t\t\t\t<\/div>\n\t\t\t\t\t\t\t\t\t\t<div class=\"info-box-content\">\n\t\t\t\t\t\t\t\t\t\t\t\t<div class=\"info-box-inner set-cont-mb-s reset-last-child\"><p>Not microwave safe<\/p>\n<\/div>\n\n\t\t\t\t\t\t\t\t\t\t\t<\/div>\n\n\t\t\t\t\t\n\t\t\t\t\t\t\t\t\t<\/div>\n\t\t\t<\/div>\n\t\t[\/vc_column_inner][vc_column_inner width=&#8221;1\/4&#8243; woodmart_text_align=&#8221;center&#8221;]\t\t\t<div class=\"info-box-wrapper\">\n\t\t\t\t<div id=\"wd-632ac2319b511\" class=\" wd-rs-632ac2319b511 wd-info-box wd-wpb text-center box-icon-align-top box-style- color-scheme- wd-bg-none \">\n\t\t\t\t\t\t\t\t\t\t\t<div class=\"box-icon-wrapper  box-with-icon box-icon-simple\">\n\t\t\t\t\t\t\t<div class=\"info-box-icon\">\n\n\t\t\t\t\t\t\t\n\t\t\t\t\t\t\t\t\t\t\t\t\t\t\t\t\t<img loading=\"lazy\" decoding=\"async\" width=\"75\" height=\"75\" src=\"https:\/\/prova.kuokokitchen.com\/wp-content\/uploads\/pictos_apto_lavavajillas_gris-75x75.png\" class=\"attachment-75x75 size-75x75\" alt=\"\" \/>\t\t\t\t\t\t\t\t\t\t\t\t\t\t\t\n\t\t\t\t\t\t\t<\/div>\n\t\t\t\t\t\t<\/div>\n\t\t\t\t\t\t\t\t\t\t<div class=\"info-box-content\">\n\t\t\t\t\t\t\t\t\t\t\t\t<div class=\"info-box-inner set-cont-mb-s reset-last-child\"><p>Dishwasher safe<\/p>\n<\/div>\n\n\t\t\t\t\t\t\t\t\t\t\t<\/div>\n\n\t\t\t\t\t\n\t\t\t\t\t\t\t\t\t<\/div>\n\t\t\t<\/div>\n\t\t[\/vc_column_inner][vc_column_inner width=&#8221;1\/4&#8243; woodmart_text_align=&#8221;center&#8221;]\t\t\t<div class=\"info-box-wrapper\">\n\t\t\t\t<div id=\"wd-632ac23982b90\" class=\" wd-rs-632ac23982b90 wd-info-box wd-wpb text-center box-icon-align-top box-style- color-scheme- wd-bg-none \">\n\t\t\t\t\t\t\t\t\t\t\t<div class=\"box-icon-wrapper  box-with-icon box-icon-simple\">\n\t\t\t\t\t\t\t<div class=\"info-box-icon\">\n\n\t\t\t\t\t\t\t\n\t\t\t\t\t\t\t\t\t\t\t\t\t\t\t\t\t<img loading=\"lazy\" decoding=\"async\" width=\"75\" height=\"75\" src=\"https:\/\/prova.kuokokitchen.com\/wp-content\/uploads\/recycle_gris.png\" class=\"attachment-800x600 size-800x600\" alt=\"\" \/>\t\t\t\t\t\t\t\t\t\t\t\t\t\t\t\n\t\t\t\t\t\t\t<\/div>\n\t\t\t\t\t\t<\/div>\n\t\t\t\t\t\t\t\t\t\t<div class=\"info-box-content\">\n\t\t\t\t\t\t\t\t\t\t\t\t<div class=\"info-box-inner set-cont-mb-s reset-last-child\"><p>Recyclable<\/p>\n<\/div>\n\n\t\t\t\t\t\t\t\t\t\t\t<\/div>\n\n\t\t\t\t\t\n\t\t\t\t\t\t\t\t\t<\/div>\n\t\t\t<\/div>\n\t\t[\/vc_column_inner][\/vc_row_inner][\/vc_column][\/vc_row]<\/p>\n<\/div>","protected":false},"excerpt":{"rendered":"<p>Basket-shaped strainer with handles and base support for greater stability.<\/p>\n","protected":false},"featured_media":5064,"template":"","meta":{"_themeisle_gutenberg_block_has_review":false},"product_cat":[898,553,557],"product_tag":[586],"yoast_head":"<!-- This site is optimized with the Yoast SEO plugin v21.5 - https:\/\/yoast.com\/wordpress\/plugins\/seo\/ -->\n<title>Buy Sieve \u00d825.5cm | Kuoko Kitchen Things<\/title>\n<meta name=\"description\" content=\"Looking for Kitchen Products, Kitchen utensils, Strainers? Then log in to Kuoko and buy quality products Buy Kitchen Products, Kitchen utensils, Strainers by logging in!\" \/>\n<meta name=\"robots\" content=\"noindex, follow, max-snippet:-1, max-image-preview:large, max-video-preview:-1\" \/>\n<meta property=\"og:locale\" content=\"en_US\" \/>\n<meta property=\"og:type\" content=\"article\" \/>\n<meta property=\"og:title\" content=\"Buy Sieve \u00d825.5cm | Kuoko Kitchen Things\" \/>\n<meta property=\"og:description\" content=\"Looking for Kitchen Products, Kitchen utensils, Strainers? Then log in to Kuoko and buy quality products Buy Kitchen Products, Kitchen utensils, Strainers by logging in!\" \/>\n<meta property=\"og:url\" content=\"https:\/\/prova.kuokokitchen.com\/en\/kitchen-products\/sieve-o25-5cm\/\" \/>\n<meta property=\"og:site_name\" content=\"Kuoko Kitchen Things\" \/>\n<meta property=\"article:modified_time\" content=\"2025-01-20T22:33:23+00:00\" \/>\n<meta property=\"og:image\" content=\"https:\/\/prova.kuokokitchen.com\/wp-content\/uploads\/colador-cesta-acero-inoxidable-cocina-libre-de-toxicos-basket-colander-stainless-steel-toxic-free-lifestyle-1-scaled.jpg\" \/>\n\t<meta property=\"og:image:width\" content=\"2560\" \/>\n\t<meta property=\"og:image:height\" content=\"2560\" \/>\n\t<meta property=\"og:image:type\" content=\"image\/jpeg\" \/>\n<meta name=\"twitter:card\" content=\"summary_large_image\" \/>\n<meta name=\"twitter:label1\" content=\"Est. reading time\" \/>\n\t<meta name=\"twitter:data1\" content=\"2 minutes\" \/>\n<script type=\"application\/ld+json\" class=\"yoast-schema-graph\">{\"@context\":\"https:\/\/schema.org\",\"@graph\":[{\"@type\":\"WebPage\",\"@id\":\"https:\/\/prova.kuokokitchen.com\/en\/kitchen-products\/sieve-o25-5cm\/\",\"url\":\"https:\/\/prova.kuokokitchen.com\/en\/kitchen-products\/sieve-o25-5cm\/\",\"name\":\"Buy Sieve \u00d825.5cm | Kuoko Kitchen Things\",\"isPartOf\":{\"@id\":\"https:\/\/prova.kuokokitchen.com\/en\/#website\"},\"datePublished\":\"2022-11-15T14:37:18+00:00\",\"dateModified\":\"2025-01-20T22:33:23+00:00\",\"description\":\"Looking for Kitchen Products, Kitchen utensils, Strainers? Then log in to Kuoko and buy quality products Buy Kitchen Products, Kitchen utensils, Strainers by logging in!\",\"breadcrumb\":{\"@id\":\"https:\/\/prova.kuokokitchen.com\/en\/kitchen-products\/sieve-o25-5cm\/#breadcrumb\"},\"inLanguage\":\"en-US\",\"potentialAction\":[{\"@type\":\"ReadAction\",\"target\":[\"https:\/\/prova.kuokokitchen.com\/en\/kitchen-products\/sieve-o25-5cm\/\"]}]},{\"@type\":\"BreadcrumbList\",\"@id\":\"https:\/\/prova.kuokokitchen.com\/en\/kitchen-products\/sieve-o25-5cm\/#breadcrumb\",\"itemListElement\":[{\"@type\":\"ListItem\",\"position\":1,\"name\":\"Home\",\"item\":\"https:\/\/prova.kuokokitchen.com\/en\/home-decor\/\"},{\"@type\":\"ListItem\",\"position\":2,\"name\":\"Shop\",\"item\":\"https:\/\/prova.kuokokitchen.com\/en\/shop\/\"},{\"@type\":\"ListItem\",\"position\":3,\"name\":\"Sieve \u00d825.5cm\"}]},{\"@type\":\"WebSite\",\"@id\":\"https:\/\/prova.kuokokitchen.com\/en\/#website\",\"url\":\"https:\/\/prova.kuokokitchen.com\/en\/\",\"name\":\"Kuoko Kitchen Things\",\"description\":\"Utensilios de cocina libre de t\u00f3xicos\",\"potentialAction\":[{\"@type\":\"SearchAction\",\"target\":{\"@type\":\"EntryPoint\",\"urlTemplate\":\"https:\/\/prova.kuokokitchen.com\/en\/?s={search_term_string}\"},\"query-input\":\"required name=search_term_string\"}],\"inLanguage\":\"en-US\"}]}<\/script>\n<!-- \/ Yoast SEO plugin. -->","yoast_head_json":{"title":"Buy Sieve \u00d825.5cm | Kuoko Kitchen Things","description":"Looking for Kitchen Products, Kitchen utensils, Strainers? Then log in to Kuoko and buy quality products Buy Kitchen Products, Kitchen utensils, Strainers by logging in!","robots":{"index":"noindex","follow":"follow","max-snippet":"max-snippet:-1","max-image-preview":"max-image-preview:large","max-video-preview":"max-video-preview:-1"},"og_locale":"en_US","og_type":"article","og_title":"Buy Sieve \u00d825.5cm | Kuoko Kitchen Things","og_description":"Looking for Kitchen Products, Kitchen utensils, Strainers? Then log in to Kuoko and buy quality products Buy Kitchen Products, Kitchen utensils, Strainers by logging in!","og_url":"https:\/\/prova.kuokokitchen.com\/en\/kitchen-products\/sieve-o25-5cm\/","og_site_name":"Kuoko Kitchen Things","article_modified_time":"2025-01-20T22:33:23+00:00","og_image":[{"width":2560,"height":2560,"url":"https:\/\/prova.kuokokitchen.com\/wp-content\/uploads\/colador-cesta-acero-inoxidable-cocina-libre-de-toxicos-basket-colander-stainless-steel-toxic-free-lifestyle-1-scaled.jpg","type":"image\/jpeg"}],"twitter_card":"summary_large_image","twitter_misc":{"Est. reading time":"2 minutes"},"schema":{"@context":"https:\/\/schema.org","@graph":[{"@type":"WebPage","@id":"https:\/\/prova.kuokokitchen.com\/en\/kitchen-products\/sieve-o25-5cm\/","url":"https:\/\/prova.kuokokitchen.com\/en\/kitchen-products\/sieve-o25-5cm\/","name":"Buy Sieve \u00d825.5cm | Kuoko Kitchen Things","isPartOf":{"@id":"https:\/\/prova.kuokokitchen.com\/en\/#website"},"datePublished":"2022-11-15T14:37:18+00:00","dateModified":"2025-01-20T22:33:23+00:00","description":"Looking for Kitchen Products, Kitchen utensils, Strainers? Then log in to Kuoko and buy quality products Buy Kitchen Products, Kitchen utensils, Strainers by logging in!","breadcrumb":{"@id":"https:\/\/prova.kuokokitchen.com\/en\/kitchen-products\/sieve-o25-5cm\/#breadcrumb"},"inLanguage":"en-US","potentialAction":[{"@type":"ReadAction","target":["https:\/\/prova.kuokokitchen.com\/en\/kitchen-products\/sieve-o25-5cm\/"]}]},{"@type":"BreadcrumbList","@id":"https:\/\/prova.kuokokitchen.com\/en\/kitchen-products\/sieve-o25-5cm\/#breadcrumb","itemListElement":[{"@type":"ListItem","position":1,"name":"Home","item":"https:\/\/prova.kuokokitchen.com\/en\/home-decor\/"},{"@type":"ListItem","position":2,"name":"Shop","item":"https:\/\/prova.kuokokitchen.com\/en\/shop\/"},{"@type":"ListItem","position":3,"name":"Sieve \u00d825.5cm"}]},{"@type":"WebSite","@id":"https:\/\/prova.kuokokitchen.com\/en\/#website","url":"https:\/\/prova.kuokokitchen.com\/en\/","name":"Kuoko Kitchen Things","description":"Utensilios de cocina libre de t\u00f3xicos","potentialAction":[{"@type":"SearchAction","target":{"@type":"EntryPoint","urlTemplate":"https:\/\/prova.kuokokitchen.com\/en\/?s={search_term_string}"},"query-input":"required name=search_term_string"}],"inLanguage":"en-US"}]}},"_links":{"self":[{"href":"https:\/\/prova.kuokokitchen.com\/en\/wp-json\/wp\/v2\/product\/7934"}],"collection":[{"href":"https:\/\/prova.kuokokitchen.com\/en\/wp-json\/wp\/v2\/product"}],"about":[{"href":"https:\/\/prova.kuokokitchen.com\/en\/wp-json\/wp\/v2\/types\/product"}],"wp:featuredmedia":[{"embeddable":true,"href":"https:\/\/prova.kuokokitchen.com\/en\/wp-json\/wp\/v2\/media\/5064"}],"wp:attachment":[{"href":"https:\/\/prova.kuokokitchen.com\/en\/wp-json\/wp\/v2\/media?parent=7934"}],"wp:term":[{"taxonomy":"product_cat","embeddable":true,"href":"https:\/\/prova.kuokokitchen.com\/en\/wp-json\/wp\/v2\/product_cat?post=7934"},{"taxonomy":"product_tag","embeddable":true,"href":"https:\/\/prova.kuokokitchen.com\/en\/wp-json\/wp\/v2\/product_tag?post=7934"}],"curies":[{"name":"wp","href":"https:\/\/api.w.org\/{rel}","templated":true}]}}